{"id":35,"date":"2013-01-10T04:19:27","date_gmt":"2013-01-09T21:19:27","guid":{"rendered":"http:\/\/prepacu.com\/?page_id=35"},"modified":"2022-03-07T09:15:58","modified_gmt":"2022-03-07T16:15:58","slug":"directorio-escolarizada","status":"publish","type":"page","link":"http:\/\/prepacu.uas.edu.mx\/?page_id=35","title":{"rendered":"Directorio Bachillerato Escolarizado OLD"},"content":{"rendered":"<div class=\"container\">\n<div class=\"row\">\n<div class=\"col-sm-4\">\n   <img decoding=\"async\" src=\"http:\/\/prepacu.com\/wp-content\/uploads\/2015\/10\/Leopoldo.jpg\" alt=\"Direcci\u00f3n\"\/><br \/>\n<b>M.C. Leopoldo Uribe Sep\u00falveda<\/b><br \/>\nDirector<br \/>\ndireccion@prepacu.com<br \/>\nTel. 819 7347 Ext. 102<\/div>\n<div class=\"col-sm-4\">\n   <img decoding=\"async\" src=\"http:\/\/prepacu.com\/wp-content\/uploads\/2015\/10\/Manuel1.jpg\" alt=\"Secretar\u00eda acad\u00e9mica\"\/><br \/>\n<b>M.C. Manuel de Jes\u00fas Bustamante Lau<\/b><br \/>\nSecretar\u00eda Acad\u00e9mica<br \/>\nsacademica@prepacu.com<br \/>\nTel. 819 7347 Ext. 103<\/div>\n<div class=\"col-sm-4\">\n   <img decoding=\"async\" src=\"http:\/\/prepacu.com\/wp-content\/uploads\/2013\/01\/avatar.jpg\" alt=\"Image\"\/><br \/>\n<b>Ing. Emiliano Iv\u00e1n Ayala Gamboa<\/b><br \/>\nSecretar\u00eda Administrativa<br \/>\nsadministrativa@prepacu.com<br \/>\nTel. 819 7347 Ext. 104<\/div>\n<\/div>\n<div class=\"row\">\n<div class=\"col-sm-4\">\n<img decoding=\"async\" src=\"http:\/\/prepacu.com\/wp-content\/uploads\/2013\/01\/diany.jpg\" alt=\"Image\"\/><br \/>\n<b>Lic. Diana D. Valenzuela Lugo<\/b><br \/>\nAuxiliar de Secretar\u00eda Acad\u00e9mica<br \/>\nauxsacad@prepacu.com<br \/>\nTel. 819 7347 Ext. 103<\/div>\n<div class=\"col-sm-4\">\n<img decoding=\"async\" src=\"http:\/\/prepacu.com\/wp-content\/uploads\/2015\/10\/Jessica.jpg\" alt=\"Image\"\/><br \/>\n<b>Lic. Jessica Guerrero Zamorano<\/b><br \/>\nAuxiliar de Secretar\u00eda Administrativa<br \/>\nauxsadm@prepacu.com<br \/>\nTel. 819 7347<\/div>\n<div class=\"col-sm-4\">\n<img decoding=\"async\" src=\"http:\/\/prepacu.com\/wp-content\/uploads\/2015\/10\/Carmen.jpg\" alt=\"Image\"\/><br \/>\n<b>Lic. Carmen A. Zamorano Guti\u00e9rrez<\/b><br \/>\nContadora y Secretaria Ejecutiva<br \/>\nrecepcion@prepacu.com<br \/>\nTel. 819 7347 Ext. 101<\/div>\n<\/div>\n<div class=\"row\">\n<div class=\"col-sm-4\">\n<img decoding=\"async\" src=\"http:\/\/prepacu.com\/wp-content\/uploads\/2015\/10\/Martha.jpg\" alt=\"Image\"\/><br \/>\n<b>Lic. Martha C. Heredia Ibarra<\/b><br \/>\nCoord. de Control Escolar<br \/>\ncontrolescolar@prepacu.com<br \/>\nTel. 819 7347 Ext. 103<\/p>\n<\/div>\n<div class=\"col-sm-4\">\n<img decoding=\"async\" src=\"http:\/\/prepacu.com\/wp-content\/uploads\/2015\/10\/Yadira.jpg\" alt=\"Image\"\/><br \/>\n<b>Lic. Yadira Rodr\u00edguez Leyva<\/b><br \/>\nT\u00e9cnica del SACE<br \/>\nSACE@prepacu.com<br \/>\nTel. 819 7347 Ext. 105<\/div>\n<div class=\"col-sm-4\">\n<img decoding=\"async\" src=\"http:\/\/prepacu.com\/wp-content\/uploads\/2015\/10\/Carlos.jpg\" alt=\"Image\"\/><br \/>\n<b>Lic. Carlos Daniel Sep\u00falveda Fong<\/b><br \/>\nResponsable del Centro de C\u00f3mputo<br \/>\nccomputo@prepacu.com<br \/>\nTel. 819 7347<\/div>\n<\/div>\n<div class=\"row\">\n<div class=\"col-sm-4\">\n<img decoding=\"async\" src=\"http:\/\/prepacu.com\/wp-content\/uploads\/2013\/01\/avatar.jpg\" alt=\"Tutorias\"\/><br \/>\n<b>Lic. Alma Celia Fierro Arroyo<\/b><br \/>\nResponsable de Tutor\u00edas<br \/>\ntutoriasesc@prepacu.com<br \/>\nTel. 819 7347 Ext. 106<\/div>\n<div class=\"col-sm-4\">\n<img decoding=\"async\" src=\"http:\/\/prepacu.com\/wp-content\/uploads\/2015\/10\/Kenia.jpg\" alt=\"Image\"\/><br \/>\n<b>Psic. Kenia I. Robles Vega<\/b><br \/>\nOrientadora Educativa<br \/>\nkenia@prepacu.com<br \/>\nTel. 819 7347 Ext. 108<\/div>\n<div class=\"col-sm-4\">\n<img decoding=\"async\" src=\"http:\/\/prepacu.com\/wp-content\/uploads\/2013\/01\/avatar.jpg\" alt=\"Image\"\/><br \/>\n<b>Dr. Lucio Morales Soto<\/b><br \/>\nOrientaci\u00f3n Educativa<br \/>\nlucio@prepacu.com<br \/>\nTel. 819 7347 Ext. 108<\/div>\n<\/div>\n<div class=\"row\">\n<div class=\"col-sm-4\">\n<img decoding=\"async\" src=\"http:\/\/prepacu.com\/wp-content\/uploads\/2015\/10\/JuanM.jpg\" alt=\"Image\"\/><br \/>\n<b>Ing. Juan Miguel Armenta Cano<\/b><br \/>\nCoord. de Turno Matutino<br \/>\ncturnom@prepacu.com<br \/>\nTel. 819 7347 Ext. 115<\/div>\n<div class=\"col-sm-4\">\n<img decoding=\"async\" src=\"http:\/\/prepacu.com\/wp-content\/uploads\/2013\/01\/avatar.jpg\" alt=\"Image\"\/><br \/>\n<b>Lic. Paulette Uribe Sep\u00falveda<\/b><br \/>\nCoord. Turno Vespertino<br \/>\ncturnov@prepacu.com<br \/>\nTel. 819 7347 Ext. 115<\/div>\n<div class=\"col-sm-4\">\n<img decoding=\"async\" src=\"http:\/\/prepacu.com\/wp-content\/uploads\/2013\/01\/avatar.jpg\" alt=\"Image\"\/><br \/>\n<b>Lic. Jes\u00fas Lau<\/b><br \/>\nCoord. Turno Nocturno<br \/>\ncturnon@prepacu.com<br \/>\nTel. 819 7347 Ext. 115<\/div>\n<\/div>\n<div class=\"row\">\n<div class=\"col-sm-4\">\n<img decoding=\"async\" src=\"http:\/\/prepacu.com\/wp-content\/uploads\/2013\/01\/avatar.jpg\" alt=\"Image\"\/><br \/>\n<b>Lic. Jes\u00fas Humberto Lerma Cabrera<\/b><br \/>\nCoord. Servicio Social<br \/>\nssocial@prepacu.com<br \/>\nTel. 819 7347 Ext. 107<\/div>\n<div class=\"col-sm-4\">\n<img decoding=\"async\" src=\"http:\/\/prepacu.com\/wp-content\/uploads\/2015\/10\/Ismirna.jpg\" alt=\"Image\"\/><br \/>\n<b>Lic. Ismirna Sandoval Lares<\/b><br \/>\nCoord. de Difusi\u00f3n Cultural<br \/>\ndifusion@prepacu.com<br \/>\nTel. 819 7347 Ext. 115<\/div>\n<div class=\"col-sm-4\">\n&nbsp;<\/div>\n<\/div>\n<\/div>\n","protected":false},"excerpt":{"rendered":"<p>M.C. Leopoldo Uribe Sep\u00falveda Director direccion@prepacu.com Tel. 819 7347 Ext. 102 M.C. Manuel de Jes\u00fas Bustamante Lau Secretar\u00eda Acad\u00e9mica sacademica@prepacu.com Tel. 819 7347 Ext. 103 Ing. Emiliano Iv\u00e1n Ayala Gamboa Secretar\u00eda Administrativa sadministrativa@prepacu.com Tel. 819 7347 Ext. 104 Lic. Diana D. Valenzuela Lugo Auxiliar de Secretar\u00eda Acad\u00e9mica auxsacad@prepacu.com Tel. 819 7347 Ext. 103 Lic. Jessica [&hellip;]<\/p>\n","protected":false},"author":1,"featured_media":0,"parent":0,"menu_order":0,"comment_status":"closed","ping_status":"open","template":"","meta":{"ngg_post_thumbnail":0},"_links":{"self":[{"href":"http:\/\/prepacu.uas.edu.mx\/index.php?rest_route=\/wp\/v2\/pages\/35"}],"collection":[{"href":"http:\/\/prepacu.uas.edu.mx\/index.php?rest_route=\/wp\/v2\/pages"}],"about":[{"href":"http:\/\/prepacu.uas.edu.mx\/index.php?rest_route=\/wp\/v2\/types\/page"}],"author":[{"embeddable":true,"href":"http:\/\/prepacu.uas.edu.mx\/index.php?rest_route=\/wp\/v2\/users\/1"}],"replies":[{"embeddable":true,"href":"http:\/\/prepacu.uas.edu.mx\/index.php?rest_route=%2Fwp%2Fv2%2Fcomments&post=35"}],"version-history":[{"count":103,"href":"http:\/\/prepacu.uas.edu.mx\/index.php?rest_route=\/wp\/v2\/pages\/35\/revisions"}],"predecessor-version":[{"id":12735,"href":"http:\/\/prepacu.uas.edu.mx\/index.php?rest_route=\/wp\/v2\/pages\/35\/revisions\/12735"}],"wp:attachment":[{"href":"http:\/\/prepacu.uas.edu.mx\/index.php?rest_route=%2Fwp%2Fv2%2Fmedia&parent=35"}],"curies":[{"name":"wp","href":"https:\/\/api.w.org\/{rel}","templated":true}]}}