{"id":264,"date":"2013-04-27T06:51:48","date_gmt":"2013-04-27T12:51:48","guid":{"rendered":"http:\/\/prepacu.com\/?page_id=264"},"modified":"2022-02-03T16:20:04","modified_gmt":"2022-02-03T23:20:04","slug":"historia","status":"publish","type":"page","link":"http:\/\/prepacu.uas.edu.mx\/?page_id=264","title":{"rendered":"Historia"},"content":{"rendered":"<p><img decoding=\"async\" class=\"aligncenter size-full wp-image-275\" src=\"http:\/\/prepacu.com\/wp-content\/uploads\/2013\/04\/cumochis.jpg\" alt=\"cumochis\" width=\"100%\" srcset=\"http:\/\/prepacu.uas.edu.mx\/wp-content\/uploads\/2013\/04\/cumochis.jpg 960w, http:\/\/prepacu.uas.edu.mx\/wp-content\/uploads\/2013\/04\/cumochis-300x96.jpg 300w\" sizes=\"(max-width: 960px) 100vw, 960px\" \/><\/p>\n<p>La Unidad Acad\u00e9mica Preparatoria C.U. Mochis surge para cubrir la necesidad de la poblaci\u00f3n por contar con una instituci\u00f3n de nivel medio superior que de continuidad a los estudios de los egresados de secundaria y as\u00ed poder ingresar a instituciones del nivel superior.<\/p>\n<p>La Preparatoria C.U. Mochis fue <strong>fundada en Septiembre de 1971<\/strong> con la finalidad de preparar T\u00e9cnicos en Observaci\u00f3n Meteorol\u00f3gica, con el nombre de <em>Escuela de Meteorolog\u00eda<\/em>. En sus inicios funcion\u00f3 en el plantel de lo que actualmente es la Preparatoria Mochis e integrada a ella, independiz\u00e1ndola y traslad\u00e1ndose a \u00c1ngel Flores e Independencia Altos, en el a\u00f1o de 1973, siendo sus <strong>fundadores el Profr. Agust\u00edn Cort\u00e9s Escanes y el Capit\u00e1n de la Fuerza A\u00e9rea Enrique Branchetti<\/strong>.<\/p>\n<p>La escuela funcion\u00f3 preparando Observadores Meteorol\u00f3gicos hasta el a\u00f1o de 1978 cuando se incluy\u00f3 el Bachillerato y se empezaron a preparar alumnos que egresar\u00edan como Bachiller y T\u00e9cnico en Observaci\u00f3n Meteorol\u00f3gica, que los capacitaba para trabajar en la rama de la meteorolog\u00eda, adem\u00e1s de poder continuar estudios superiores. Este plan de estudios se ampli\u00f3 de dos a tres a\u00f1os la duraci\u00f3n de la carrera. <strong>A mediados de 1981 la escuela se traslada a las instalaciones de Ciudad Universitaria<\/strong> siendo la primera escuela en hacerlo.<\/p>\n<p>En 1993, despu\u00e9s de una serie de cambios en el marco social y tecnol\u00f3gico, se implement\u00f3 el Bachillerato como \u00fanica opci\u00f3n, mismo que fue aprobado en Mayo de 1993 por el H. Consejo Universitario y la escuela <strong>tom\u00f3 el nombre de Escuela Preparatoria de Ciudad Universitaria de Los Mochis<\/strong> de la Universidad Aut\u00f3noma de Sinaloa, por encontrarse en Ciudad Universitaria aprob\u00e1ndose por el H. Consejo Universitario el 19 de octubre de 1994.<\/p>\n<p>Actualmente la Preparatoria C.U. Mochis ofrece los estudios de <strong>Bachillerato Escolarizado<\/strong> en los turnos matutino y vespertino con tres fases especializadas: <em>f\u00edsico-matem\u00e1tico, qu\u00edmico-bi\u00f3logo y sociales-humanidades<\/em>; y <strong>Bachillerato Semiescolarizado<\/strong> con dos fases: <em>Ciencias naturales y exactas<\/em>, y <em>Ciencias Sociales y humanidades<\/em> con una duraci\u00f3n de dos a\u00f1os. El programa de bachillerato semiescolarizado naci\u00f3 a finales de 2005 mediante un convenio con la Secretaria de Seguridad P\u00fablica del Municipio de Ahome con el objetivo de ofrecerle la preparatoria a los agentes de seguridad p\u00fablica al cual se le unieron trabajadores del IMSS, ISSSTE, PGR, IFE y de diversas empresas del municipio de Ahome.<\/p>\n<p>En 2009 se hace una revisi\u00f3n al plan de estudios del bachillerato escolarizado, donde se promueven los Programas de Tutor\u00edas y Orientaci\u00f3n educativa, entre otros; cambios que en 2011 se replicar\u00edan en el bachillerato semiescolarizado.<\/p>\n<p>Desde octubre de 2007 la Universidad Aut\u00f3noma de Sinaloa ha hecho un fuerte esfuerzo en repuntar la calidad de toda su infraestructura, aspectos de procesos de aprendizaje, alumnos, profesores, vinculaci\u00f3n y entorno social, plan de estudios, administraci\u00f3n del programa, objetivos y fundamentaci\u00f3n. Primeramente se establece un convenio con el Consejo Nacional para la Evaluaci\u00f3n de la Educaci\u00f3n Media Superior (CNAEEMS), para evaluar el bachillerato de nuestra m\u00e1xima casa de estudios, y despu\u00e9s la migraci\u00f3n al paradigma de aprendizaje por competencias para el ingreso masivo de las preparatorias al Sistema Nacional de Bachillerato (SNB) a trav\u00e9s de la evaluaci\u00f3n por parte de COPEEMS. Este largo proceso culmina en la Preparatoria CU Mochis el 2 de Febrero de 2013, fecha en que es evaluada con \u00e9xito pues la Unidad Acad\u00e9mica entr\u00f3 satisfactoriamente al Sistema Nacional de Bachillerato.<\/p>\n<p>Dicho proceso trajo cambios significativos a nuestra Unidad Acad\u00e9mica, pues las autoridades universitarias destinaron recursos para cubrir las necesidades en todos los aspectos b\u00e1sicamente en infraestructura, rubro del que siempre adoleci\u00f3 la Preparatoria CU Mochis, mismo que se ha atenuado poniendo a nuestra preparatoria como una de las que mayor demanda y calidad probada tienen en el municipio.<\/p>\n","protected":false},"excerpt":{"rendered":"<p>La Unidad Acad\u00e9mica Preparatoria C.U. Mochis surge para cubrir la necesidad de la poblaci\u00f3n por contar con una instituci\u00f3n de nivel medio superior que de continuidad a los estudios de los egresados de secundaria y as\u00ed poder ingresar a instituciones del nivel superior. La Preparatoria C.U. Mochis fue fundada en Septiembre de 1971 con la [&hellip;]<\/p>\n","protected":false},"author":1,"featured_media":0,"parent":0,"menu_order":0,"comment_status":"closed","ping_status":"closed","template":"","meta":{"ngg_post_thumbnail":0},"_links":{"self":[{"href":"http:\/\/prepacu.uas.edu.mx\/index.php?rest_route=\/wp\/v2\/pages\/264"}],"collection":[{"href":"http:\/\/prepacu.uas.edu.mx\/index.php?rest_route=\/wp\/v2\/pages"}],"about":[{"href":"http:\/\/prepacu.uas.edu.mx\/index.php?rest_route=\/wp\/v2\/types\/page"}],"author":[{"embeddable":true,"href":"http:\/\/prepacu.uas.edu.mx\/index.php?rest_route=\/wp\/v2\/users\/1"}],"replies":[{"embeddable":true,"href":"http:\/\/prepacu.uas.edu.mx\/index.php?rest_route=%2Fwp%2Fv2%2Fcomments&post=264"}],"version-history":[{"count":12,"href":"http:\/\/prepacu.uas.edu.mx\/index.php?rest_route=\/wp\/v2\/pages\/264\/revisions"}],"predecessor-version":[{"id":12699,"href":"http:\/\/prepacu.uas.edu.mx\/index.php?rest_route=\/wp\/v2\/pages\/264\/revisions\/12699"}],"wp:attachment":[{"href":"http:\/\/prepacu.uas.edu.mx\/index.php?rest_route=%2Fwp%2Fv2%2Fmedia&parent=264"}],"curies":[{"name":"wp","href":"https:\/\/api.w.org\/{rel}","templated":true}]}}