{"id":12688,"date":"2022-02-03T16:11:23","date_gmt":"2022-02-03T23:11:23","guid":{"rendered":"http:\/\/prepacu.uas.edu.mx\/?page_id=12688"},"modified":"2022-02-03T16:11:23","modified_gmt":"2022-02-03T23:11:23","slug":"bachillerato-semiescolarizado-2","status":"publish","type":"page","link":"http:\/\/prepacu.uas.edu.mx\/?page_id=12688","title":{"rendered":"Bachillerato Semiescolarizado"},"content":{"rendered":"\n<figure class=\"wp-block-image size-large\"><img decoding=\"async\" loading=\"lazy\" width=\"1368\" height=\"768\" src=\"http:\/\/prepacu.uas.edu.mx\/wp-content\/uploads\/2022\/02\/Semi-1-edited-1.jpg\" alt=\"\" class=\"wp-image-12692\" srcset=\"http:\/\/prepacu.uas.edu.mx\/wp-content\/uploads\/2022\/02\/Semi-1-edited-1.jpg 1368w, http:\/\/prepacu.uas.edu.mx\/wp-content\/uploads\/2022\/02\/Semi-1-edited-1-300x168.jpg 300w, http:\/\/prepacu.uas.edu.mx\/wp-content\/uploads\/2022\/02\/Semi-1-edited-1-1024x575.jpg 1024w, http:\/\/prepacu.uas.edu.mx\/wp-content\/uploads\/2022\/02\/Semi-1-edited-1-768x431.jpg 768w\" sizes=\"(max-width: 1368px) 100vw, 1368px\" \/><\/figure>\n\n\n\n<p>El Bachillerato Semiescolarizado es un bachillerato general y proped\u00e9utico,<strong>\u00a0de modalidad mixta y opci\u00f3n mixta<\/strong>, sustentado en un enfoque constructivista centrado en el alumno y el aprendizaje, orientado al logro de\u00a0<strong>competencias.<\/strong><\/p>\n\n\n\n<p>Consiste en clases presenciales los s\u00e1bados de 7:00 AM a 2:10 PM, apoyado con asesor\u00edas de cada asignatura por las tardes de lunes a viernes, y una plataforma virtual de aprendizaje. Los cursos son en formato cuatrimestral, siendo un total de seis cuatrimestres (dos a\u00f1os). Cuenta con un programa institucional de tutor\u00edas, as\u00ed como de orientaci\u00f3n educativa. <em>\u00bfEst\u00e1s interesado? Llama al 668 819 7200<\/em><\/p>\n\n\n\n<h3 class=\"wp-block-heading\">Informaci\u00f3n institucional<\/h3>\n\n\n\n<div class=\"wp-block-columns is-layout-flex wp-container-6\">\n<div class=\"wp-block-column is-layout-flow\">\n<div class=\"wp-block-buttons is-layout-flex\">\n<div class=\"wp-block-button is-style-fill\"><a class=\"wp-block-button__link has-black-color has-vivid-green-cyan-background-color has-text-color has-background\" href=\"http:\/\/prepacu.uas.edu.mx\/?page_id=12670\" target=\"_blank\" rel=\"noreferrer noopener\">Directorio de personal<\/a><\/div>\n<\/div>\n<\/div>\n\n\n\n<div class=\"wp-block-column is-layout-flow\">\n<div class=\"wp-block-buttons is-layout-flex\">\n<div class=\"wp-block-button is-style-fill\"><a class=\"wp-block-button__link has-black-color has-vivid-green-cyan-background-color has-text-color has-background\" href=\"http:\/\/prepacu.uas.edu.mx\/?page_id=12441\" target=\"_blank\" rel=\"noreferrer noopener\">Plataforma Moodle<\/a><\/div>\n<\/div>\n<\/div>\n\n\n\n<div class=\"wp-block-column is-layout-flow\">\n<p><\/p>\n<\/div>\n<\/div>\n\n\n\n<h3 class=\"wp-block-heading\">Planes de estudio<\/h3>\n\n\n\n<div class=\"wp-block-columns is-layout-flex wp-container-11\">\n<div class=\"wp-block-column is-layout-flow\">\n<div class=\"wp-block-buttons is-layout-flex\">\n<div class=\"wp-block-button\"><a class=\"wp-block-button__link has-black-color has-vivid-green-cyan-background-color has-text-color has-background\" href=\"https:\/\/dgep.uas.edu.mx\/programassemi\/index.html\" target=\"_blank\" rel=\"noreferrer noopener\">Plan Semiescolarizado 2018<\/a><\/div>\n<\/div>\n<\/div>\n\n\n\n<div class=\"wp-block-column is-layout-flow\">\n<p><\/p>\n<\/div>\n\n\n\n<div class=\"wp-block-column is-layout-flow\">\n<p><\/p>\n<\/div>\n<\/div>\n\n\n\n<p class=\"has-text-align-center\">\u00bfNecesitas m\u00e1s informaci\u00f3n? Visita <a href=\"https:\/\/www.facebook.com\/PreparatoriaCU\" data-type=\"URL\" data-id=\"https:\/\/www.facebook.com\/PreparatoriaCU\">nuestra p\u00e1gina de Facebook <\/a><\/p>\n","protected":false},"excerpt":{"rendered":"<p>El Bachillerato Semiescolarizado es un bachillerato general y proped\u00e9utico,\u00a0de modalidad mixta y opci\u00f3n mixta, sustentado en un enfoque constructivista centrado en el alumno y el aprendizaje, orientado al logro de\u00a0competencias. Consiste en clases presenciales los s\u00e1bados de 7:00 AM a 2:10 PM, apoyado con asesor\u00edas de cada asignatura por las tardes de lunes a viernes, [&hellip;]<\/p>\n","protected":false},"author":1,"featured_media":0,"parent":0,"menu_order":0,"comment_status":"closed","ping_status":"closed","template":"","meta":{"ngg_post_thumbnail":0},"_links":{"self":[{"href":"http:\/\/prepacu.uas.edu.mx\/index.php?rest_route=\/wp\/v2\/pages\/12688"}],"collection":[{"href":"http:\/\/prepacu.uas.edu.mx\/index.php?rest_route=\/wp\/v2\/pages"}],"about":[{"href":"http:\/\/prepacu.uas.edu.mx\/index.php?rest_route=\/wp\/v2\/types\/page"}],"author":[{"embeddable":true,"href":"http:\/\/prepacu.uas.edu.mx\/index.php?rest_route=\/wp\/v2\/users\/1"}],"replies":[{"embeddable":true,"href":"http:\/\/prepacu.uas.edu.mx\/index.php?rest_route=%2Fwp%2Fv2%2Fcomments&post=12688"}],"version-history":[{"count":1,"href":"http:\/\/prepacu.uas.edu.mx\/index.php?rest_route=\/wp\/v2\/pages\/12688\/revisions"}],"predecessor-version":[{"id":12693,"href":"http:\/\/prepacu.uas.edu.mx\/index.php?rest_route=\/wp\/v2\/pages\/12688\/revisions\/12693"}],"wp:attachment":[{"href":"http:\/\/prepacu.uas.edu.mx\/index.php?rest_route=%2Fwp%2Fv2%2Fmedia&parent=12688"}],"curies":[{"name":"wp","href":"https:\/\/api.w.org\/{rel}","templated":true}]}}