{"id":12670,"date":"2022-01-03T10:00:00","date_gmt":"2022-01-03T17:00:00","guid":{"rendered":"http:\/\/prepacu.uas.edu.mx\/?page_id=12670"},"modified":"2022-03-07T15:06:00","modified_gmt":"2022-03-07T22:06:00","slug":"directorio-semiescolarizado-2022","status":"publish","type":"page","link":"http:\/\/prepacu.uas.edu.mx\/?page_id=12670","title":{"rendered":"Directorio Bachillerato Semiescolarizado"},"content":{"rendered":"\n<h3 class=\"has-text-align-center wp-block-heading\">Bachillerato Semiescolarizado<\/h3>\n\n\n\n<div class=\"wp-block-columns is-layout-flex wp-container-4\">\n<div class=\"wp-block-column is-layout-flow\">\n<p><strong>M.C. Manuel de Jes\u00fas Bustamante Lau<\/strong> <br \/>Director <br \/>Tel. 819 7347 Ext. 102<br \/>manuelbustamante@uas.edu.mx<\/p>\n<\/div>\n\n\n\n<div class=\"wp-block-column is-layout-flow\">\n<p><strong>Ing. Gladys Yuriria Sandoval Le\u00f3n<\/strong>  <br \/>Coordinadora del programa <br \/>Tel. 819 7200 Ext. 114 <br \/>gladyssandoval@uas.edu.mx <\/p>\n<\/div>\n\n\n\n<div class=\"wp-block-column is-layout-flow\">\n<p><strong>Lic. Carlos Ramiro Cata\u00f1o Garc\u00eda<\/strong><br \/>Secretar\u00eda Acad\u00e9mica Semi<br \/>Tel. 819 7200 Ext. 113 <br \/>ramirocatano@uas.edu.mx&nbsp; <\/p>\n<\/div>\n<\/div>\n\n\n\n<div class=\"wp-block-columns is-layout-flex wp-container-8\">\n<div class=\"wp-block-column is-layout-flow\">\n<p><strong>Lic. Martha Cisline Heredia Ibarra<\/strong><br \/>Coord. de Control Escolar<br \/>Tel. 819 7200 Ext. 113<br \/>marthaheredia@uas.edu.mx<\/p>\n<\/div>\n\n\n\n<div class=\"wp-block-column is-layout-flow\">\n<p><strong>Lic. Beatriz A. Boj\u00f3rquez Acosta<\/strong><br \/>T\u00e9cnica del SACE<br \/>Tel. 819 7200 Ext. 113<\/p>\n<\/div>\n\n\n\n<div class=\"wp-block-column is-layout-flow\">\n<p><strong>Lic. Yadira Rodr\u00edguez Leyva<\/strong><br \/>T\u00e9cnica del SACE<br \/>Tel. 819 7200 Ext. 113  <br \/>yadirarodriguez@uas.edu.mx<\/p>\n\n\n\n<p> &nbsp; <\/p>\n<\/div>\n<\/div>\n\n\n\n<div class=\"wp-block-columns is-layout-flex wp-container-12\">\n<div class=\"wp-block-column is-layout-flow\">\n<p><strong>Lic. Juliengaling Contreras Ruelas<\/strong><br \/>Responsable de Tutor\u00edas<br \/>Tel. 819 7200 Ext. 113<br \/>juliengaling@uas.edu.mx<\/p>\n<\/div>\n\n\n\n<div class=\"wp-block-column is-layout-flow\">\n<p><strong>Lic. Guillermina Ojeda Castillo<\/strong><br \/>Coordinaci\u00f3n de Turno<br \/>Tel. 819 7200 Ext. 113<br \/>guillerminaojeda@uas.edu.mx<\/p>\n<\/div>\n\n\n\n<div class=\"wp-block-column is-layout-flow\">\n<p><strong>Lic. Alma Celia Fierro Arrollo<\/strong><br \/>Orientaci\u00f3n educativa<br \/>Tel. 819 7200 Ext. 113<br \/>almafierro@uas.edu.mx<\/p>\n<\/div>\n<\/div>\n\n\n\n<div class=\"wp-block-columns is-layout-flex wp-container-16\">\n<div class=\"wp-block-column is-layout-flow\">\n<p><strong>Lic. M\u00f3nica Gerardo Ayala<\/strong><br \/>Difusi\u00f3n Cultural<br \/>Tel. 819  7200  Ext. 113<br \/>monicagerardoayala@gmail.com <\/p>\n<\/div>\n\n\n\n<div class=\"wp-block-column is-layout-flow\">\n<p><strong>Lic. Karla P. Montes Lugo<\/strong><br \/>Secretaria&nbsp;ejecutiva<br \/>Tel. 819 7200 Ext. 113<br \/>karlamontes@uas.edu.mx<\/p>\n<\/div>\n\n\n\n<div class=\"wp-block-column is-layout-flow\"><\/div>\n<\/div>\n\n\n\n<p class=\"has-text-align-right\"><em><span class=\"has-inline-color has-cyan-bluish-gray-color\">\u00daltima actualizaci\u00f3n: Febrero 2022<\/span><\/em><\/p>\n","protected":false},"excerpt":{"rendered":"<p>Bachillerato Semiescolarizado M.C. Manuel de Jes\u00fas Bustamante Lau Director Tel. 819 7347 Ext. 102manuelbustamante@uas.edu.mx Ing. Gladys Yuriria Sandoval Le\u00f3n Coordinadora del programa Tel. 819 7200 Ext. 114 gladyssandoval@uas.edu.mx Lic. Carlos Ramiro Cata\u00f1o Garc\u00edaSecretar\u00eda Acad\u00e9mica SemiTel. 819 7200 Ext. 113 ramirocatano@uas.edu.mx&nbsp; Lic. Martha Cisline Heredia IbarraCoord. de Control EscolarTel. 819 7200 Ext. 113marthaheredia@uas.edu.mx Lic. Beatriz A. [&hellip;]<\/p>\n","protected":false},"author":1,"featured_media":0,"parent":0,"menu_order":0,"comment_status":"closed","ping_status":"closed","template":"","meta":{"ngg_post_thumbnail":0},"_links":{"self":[{"href":"http:\/\/prepacu.uas.edu.mx\/index.php?rest_route=\/wp\/v2\/pages\/12670"}],"collection":[{"href":"http:\/\/prepacu.uas.edu.mx\/index.php?rest_route=\/wp\/v2\/pages"}],"about":[{"href":"http:\/\/prepacu.uas.edu.mx\/index.php?rest_route=\/wp\/v2\/types\/page"}],"author":[{"embeddable":true,"href":"http:\/\/prepacu.uas.edu.mx\/index.php?rest_route=\/wp\/v2\/users\/1"}],"replies":[{"embeddable":true,"href":"http:\/\/prepacu.uas.edu.mx\/index.php?rest_route=%2Fwp%2Fv2%2Fcomments&post=12670"}],"version-history":[{"count":10,"href":"http:\/\/prepacu.uas.edu.mx\/index.php?rest_route=\/wp\/v2\/pages\/12670\/revisions"}],"predecessor-version":[{"id":12744,"href":"http:\/\/prepacu.uas.edu.mx\/index.php?rest_route=\/wp\/v2\/pages\/12670\/revisions\/12744"}],"wp:attachment":[{"href":"http:\/\/prepacu.uas.edu.mx\/index.php?rest_route=%2Fwp%2Fv2%2Fmedia&parent=12670"}],"curies":[{"name":"wp","href":"https:\/\/api.w.org\/{rel}","templated":true}]}}