{"id":12663,"date":"2022-01-03T10:00:00","date_gmt":"2022-01-03T17:00:00","guid":{"rendered":"http:\/\/prepacu.uas.edu.mx\/?page_id=12663"},"modified":"2023-07-07T11:13:35","modified_gmt":"2023-07-07T17:13:35","slug":"directorio-bachillerato-escolarizado-22","status":"publish","type":"page","link":"http:\/\/prepacu.uas.edu.mx\/?page_id=12663","title":{"rendered":"Directorio Bachillerato Escolarizado"},"content":{"rendered":"\n<h3 class=\"has-text-align-center wp-block-heading\">Bachillerato escolarizado<\/h3>\n\n\n\n<div class=\"wp-block-columns is-layout-flex wp-container-4\">\n<div class=\"wp-block-column is-layout-flow\">\n<p><strong>M.C. Manuel de Jes\u00fas Bustamante Lau<\/strong> <br \/>Director <br \/>Tel. 819 7347 Ext. 102<br \/>manuelbustamante@uas.edu.mx<br \/>  <\/p>\n<\/div>\n\n\n\n<div class=\"wp-block-column is-layout-flow\">\n<p><strong>MC. Heriberto Carlos Ayala Cruz<\/strong> <br \/>Secretar\u00eda Acad\u00e9mica <br \/>Tel. 819 7347 Ext. 103<br \/>heriberto.ayala@uas.edu.mx  <\/p>\n<\/div>\n\n\n\n<div class=\"wp-block-column is-layout-flow\">\n<p><strong>Ing. Emiliano Iv\u00e1n Ayala Gamboa<\/strong> <br \/>Secretar\u00eda Administrativa<br \/>Tel. 819 7347 Ext. 104<br \/>ivanayala@uas.edu.mx &nbsp; <\/p>\n<\/div>\n<\/div>\n\n\n\n<div class=\"wp-block-columns is-layout-flex wp-container-8\">\n<div class=\"wp-block-column is-layout-flow\">\n<p><strong>Lic. Jes\u00fas Omar Lau Lerma<\/strong><br \/>Auxiliar de Secretar\u00eda Acad\u00e9mica<br \/>Tel. 819 7347 Ext. 103<br \/>jesuslau@uas.edu.mx<\/p>\n<\/div>\n\n\n\n<div class=\"wp-block-column is-layout-flow\">\n<p><strong>Lic. Marcia Castro L\u00f3pez<\/strong><br \/>Auxiliar de Secretar\u00eda Administrativa<br \/>Tel. 819 7347<br \/>marciacastro@uas.edu.mx<\/p>\n<\/div>\n\n\n\n<div class=\"wp-block-column is-layout-flow\">\n<p> <strong>Lic. Carmen A. Zamorano Guti\u00e9rrez<\/strong> <br \/>Contadora y Secretaria Ejecutiva<br \/>Tel. 819 7347 Ext. 101 &nbsp; <\/p>\n<\/div>\n<\/div>\n\n\n\n<div class=\"wp-block-columns is-layout-flex wp-container-12\">\n<div class=\"wp-block-column is-layout-flow\">\n<p><strong>MC. Gabriela Stone Valdez<\/strong><br \/>Coord. de Control Escolar<br \/>Tel. 819 7347 Ext. 103&nbsp;<br \/>gabrielastone@uas.edu.mx<\/p>\n<\/div>\n\n\n\n<div class=\"wp-block-column is-layout-flow\">\n<p><strong>MC. Denise Arlen Galaviz Leyva <\/strong><br \/>T\u00e9cnica del SACE<br \/>Tel. 819 7347 Ext. 105<br \/>denisegalaviz@uas.edu.mx<\/p>\n<\/div>\n\n\n\n<div class=\"wp-block-column is-layout-flow\">\n<p><strong>Lic. Julio L\u00f3pez<\/strong> <br \/>T\u00e9cnico del SACE<br \/>Tel. 819 7347 Ext. 105 <br \/>juliocesar.lopez@uas.edu.mx<\/p>\n<\/div>\n<\/div>\n\n\n\n<div class=\"wp-block-columns is-layout-flex wp-container-16\">\n<div class=\"wp-block-column is-layout-flow\">\n<p><strong>Lic. Mario Fernando Zavala Armenta<\/strong><br \/>Resp. del Centro de C\u00f3mputo<br \/>Tel. 819 7347<br \/>mario.zavala@uas.edu.mx &nbsp;<br \/><\/p>\n<\/div>\n\n\n\n<div class=\"wp-block-column is-layout-flow\">\n<p><strong>&#8212;-<\/strong><br \/>Coord. Servicio Social<br \/>Tel. 819 7347 Ext. 107<\/p>\n<\/div>\n\n\n\n<div class=\"wp-block-column is-layout-flow\">\n<p><strong>Lic. Ismirna Sandoval Lares<\/strong><br \/>Coord. de Difusi\u00f3n Cultural<br \/>Tel. 819 7347 Ext. 115 <br \/>ismirsan2702@uas.edu.mx&nbsp;<\/p>\n<\/div>\n<\/div>\n\n\n\n<h3 class=\"wp-block-heading\">Coordinaci\u00f3n de turno<\/h3>\n\n\n\n<div class=\"wp-block-columns is-layout-flex wp-container-20\">\n<div class=\"wp-block-column is-layout-flow\">\n<p><strong>Lic. Paulette Uribe Sep\u00falveda<\/strong><br \/>Coord. Turno Matutino<br \/>Tel. 819 7347 Ext. 115<br \/>pauletteuribe@uas.edu.mx<br \/><\/p>\n<\/div>\n\n\n\n<div class=\"wp-block-column is-layout-flow\">\n<p><strong>Lic. Abigail Isabel Garc\u00eda Meza<\/strong><br \/>Coord. Turno Vespertino<br \/>Tel. 819 7347 Ext. 115<br \/>abigailgarcia@uas.edu.mx <\/p>\n<\/div>\n\n\n\n<div class=\"wp-block-column is-layout-flow\">\n<p><strong>Lic. Luis Alfonso Fierro Ponce<\/strong><br \/>Coord. Turno Nocturno<br \/>Tel. 819 7347 Ext. 115<br \/>luisfierro@uas.edu.mx<\/p>\n<\/div>\n<\/div>\n\n\n\n<h3 class=\"wp-block-heading\">Servicios de apoyo estudiantil<\/h3>\n\n\n\n<div class=\"wp-block-columns is-layout-flex wp-container-24\">\n<div class=\"wp-block-column is-layout-flow\">\n<p><strong>Lic. Lupita Soto Dom\u00ednguez<\/strong><br \/>Responsable de Tutor\u00edas<br \/>Tel. 819 7347 Ext. 106<br \/>guadalupesoto@uas.edu.mx<br \/> <\/p>\n<\/div>\n\n\n\n<div class=\"wp-block-column is-layout-flow\">\n<p><strong>Lic. Luc\u00eda Z\u00fa\u00f1iga Castro<\/strong><br \/>Aux. Tutor\u00edas-NEAE <br \/>Tel. 819 7347 Ext. 106 <br \/>luciazuniga@uas.edu.mx <\/p>\n<\/div>\n\n\n\n<div class=\"wp-block-column is-layout-flow\">\n<p><strong>Psic. Kenia I. Robles Vega<br \/>Dr. Lucio Morales Soto<br \/>MC. Zayra Fabiola <br \/>MC. Rosa Ornelas Loza<br \/>Lic. Alma Celia Fierro Arroyo<br \/>MC. Elia Isela Soto Armenta<\/strong><br \/>Orientaci\u00f3n Educativa<br \/>Tel. 819 7347 Ext. 108<\/p>\n<\/div>\n<\/div>\n\n\n\n<p class=\"has-text-align-right\"><em><span class=\"has-inline-color has-cyan-bluish-gray-color\">\u00daltima actualizaci\u00f3n: Febrero 2022<\/span><\/em><\/p>\n","protected":false},"excerpt":{"rendered":"<p>Bachillerato escolarizado M.C. Manuel de Jes\u00fas Bustamante Lau Director Tel. 819 7347 Ext. 102manuelbustamante@uas.edu.mx MC. Heriberto Carlos Ayala Cruz Secretar\u00eda Acad\u00e9mica Tel. 819 7347 Ext. 103heriberto.ayala@uas.edu.mx Ing. Emiliano Iv\u00e1n Ayala Gamboa Secretar\u00eda AdministrativaTel. 819 7347 Ext. 104ivanayala@uas.edu.mx &nbsp; Lic. Jes\u00fas Omar Lau LermaAuxiliar de Secretar\u00eda Acad\u00e9micaTel. 819 7347 Ext. 103jesuslau@uas.edu.mx Lic. Marcia Castro L\u00f3pezAuxiliar de [&hellip;]<\/p>\n","protected":false},"author":1,"featured_media":0,"parent":0,"menu_order":0,"comment_status":"closed","ping_status":"closed","template":"","meta":{"ngg_post_thumbnail":0},"_links":{"self":[{"href":"http:\/\/prepacu.uas.edu.mx\/index.php?rest_route=\/wp\/v2\/pages\/12663"}],"collection":[{"href":"http:\/\/prepacu.uas.edu.mx\/index.php?rest_route=\/wp\/v2\/pages"}],"about":[{"href":"http:\/\/prepacu.uas.edu.mx\/index.php?rest_route=\/wp\/v2\/types\/page"}],"author":[{"embeddable":true,"href":"http:\/\/prepacu.uas.edu.mx\/index.php?rest_route=\/wp\/v2\/users\/1"}],"replies":[{"embeddable":true,"href":"http:\/\/prepacu.uas.edu.mx\/index.php?rest_route=%2Fwp%2Fv2%2Fcomments&post=12663"}],"version-history":[{"count":12,"href":"http:\/\/prepacu.uas.edu.mx\/index.php?rest_route=\/wp\/v2\/pages\/12663\/revisions"}],"predecessor-version":[{"id":13943,"href":"http:\/\/prepacu.uas.edu.mx\/index.php?rest_route=\/wp\/v2\/pages\/12663\/revisions\/13943"}],"wp:attachment":[{"href":"http:\/\/prepacu.uas.edu.mx\/index.php?rest_route=%2Fwp%2Fv2%2Fmedia&parent=12663"}],"curies":[{"name":"wp","href":"https:\/\/api.w.org\/{rel}","templated":true}]}}